{"id":8591,"date":"2026-05-04T09:40:01","date_gmt":"2026-05-04T09:40:01","guid":{"rendered":"https:\/\/autocuesystems.com\/?post_type=product&#038;p=8591"},"modified":"2026-05-08T18:36:20","modified_gmt":"2026-05-08T18:36:20","slug":"apt-gb-tcm-24","status":"publish","type":"product","link":"https:\/\/autocuesystems.com\/de\/produkt\/apt-gb-tcm-24\/","title":{"rendered":"APT-GB TCM-24"},"content":{"rendered":"\t\t<div data-elementor-type=\"wp-post\" data-elementor-id=\"8591\" class=\"elementor elementor-8591 elementor-8590\">\n\t\t\t\t<div class=\"elementor-element elementor-element-796d6e5e e-flex e-con-boxed e-con e-parent\" data-id=\"796d6e5e\" data-element_type=\"container\" data-e-type=\"container\">\n\t\t\t\t\t<div class=\"e-con-inner\">\n\t\t\t\t<div class=\"elementor-element elementor-element-1ed66d11 elementor-widget elementor-widget-jet-tabs\" data-id=\"1ed66d11\" data-element_type=\"widget\" data-e-type=\"widget\" data-settings=\"{&quot;tabs_position&quot;:&quot;left&quot;,&quot;no_active_tabs&quot;:&quot;false&quot;}\" data-widget_type=\"jet-tabs.default\">\n\t\t\t\t<div class=\"elementor-widget-container\">\n\t\t\t\t\t\n\t\t<div class=\"jet-tabs jet-tabs-position-left jet-tabs-move-up-effect  \" data-settings=\"{&quot;activeIndex&quot;:0,&quot;event&quot;:&quot;click&quot;,&quot;autoSwitch&quot;:false,&quot;autoSwitchDelay&quot;:3000,&quot;ajaxTemplate&quot;:false,&quot;tabsPosition&quot;:&quot;left&quot;,&quot;switchScrolling&quot;:false,&quot;switchScrollingOffset&quot;:0}\">\n\t\t\t\t\t\t<div class=\"jet-tabs__control-wrapper\" role=\"tablist\">\n\n                                    <div id=\"jet-tabs-control-5171\" class=\"jet-tabs__control jet-tabs__control-icon-left elementor-menu-anchor active-tab \" data-tab=\"1\" tabindex=\"0\" role=\"tab\" aria-controls=\"jet-tabs-content-5171\" aria-expanded=\"true\" data-template-id=\"false\"><div class=\"jet-tabs__control-inner\"><div class=\"jet-tabs__label-icon jet-tabs-icon\"><svg class=\"e-font-icon-svg e-fas-bars\" viewBox=\"0 0 448 512\" xmlns=\"http:\/\/www.w3.org\/2000\/svg\"><path d=\"M16 132h416c8.837 0 16-7.163 16-16V76c0-8.837-7.163-16-16-16H16C7.163 60 0 67.163 0 76v40c0 8.837 7.163 16 16 16zm0 160h416c8.837 0 16-7.163 16-16v-40c0-8.837-7.163-16-16-16H16c-8.837 0-16 7.163-16 16v40c0 8.837 7.163 16 16 16zm0 160h416c8.837 0 16-7.163 16-16v-40c0-8.837-7.163-16-16-16H16c-8.837 0-16 7.163-16 16v40c0 8.837 7.163 16 16 16z\"><\/path><\/svg><\/div><div class=\"jet-tabs__label-text\">TCM-24 Additional Info<\/div><\/div><\/div><div id=\"jet-tabs-control-5172\" class=\"jet-tabs__control jet-tabs__control-icon-left elementor-menu-anchor  \" data-tab=\"2\" tabindex=\"0\" role=\"tab\" aria-controls=\"jet-tabs-content-5172\" aria-expanded=\"false\" data-template-id=\"6930\"><div class=\"jet-tabs__control-inner\"><div class=\"jet-tabs__label-icon jet-tabs-icon\"><svg class=\"e-font-icon-svg e-far-folder-open\" viewBox=\"0 0 576 512\" xmlns=\"http:\/\/www.w3.org\/2000\/svg\"><path d=\"M527.9 224H480v-48c0-26.5-21.5-48-48-48H272l-64-64H48C21.5 64 0 85.5 0 112v288c0 26.5 21.5 48 48 48h400c16.5 0 31.9-8.5 40.7-22.6l79.9-128c20-31.9-3-73.4-40.7-73.4zM48 118c0-3.3 2.7-6 6-6h134.1l64 64H426c3.3 0 6 2.7 6 6v42H152c-16.8 0-32.4 8.8-41.1 23.2L48 351.4zm400 282H72l77.2-128H528z\"><\/path><\/svg><\/div><div class=\"jet-tabs__label-text\">TCM-24 Documents<\/div><\/div><\/div>\n                    \t\t\t    <\/div>\n\t\t\t<div class=\"jet-tabs__content-wrapper\">\n\t\t\t\t<div id=\"jet-tabs-content-5171\" class=\"jet-tabs__content active-content\" data-tab=\"1\" role=\"tabpanel\" aria-hidden=\"false\" data-template-id=\"false\"><h2><span dir=\"auto\"><span class=\"\" dir=\"auto\">Weitere Informationen TCM-24<\/span><\/span><\/h2><table class=\"woocommerce-product-attributes shop_attributes\" aria-label=\"Produktdetails\"><tbody><tr class=\"woocommerce-product-attributes-item woocommerce-product-attributes-item--attribute_screen-size\"><th class=\"woocommerce-product-attributes-item__label\" scope=\"row\"><span dir=\"auto\">Bildschirmgr\u00f6\u00dfe<\/span><\/th><td class=\"woocommerce-product-attributes-item__value\"><p><span dir=\"auto\">24 Zoll<\/span><\/p><\/td><\/tr><tr class=\"woocommerce-product-attributes-item woocommerce-product-attributes-item--attribute_maximum-resolution\"><th class=\"woocommerce-product-attributes-item__label\" scope=\"row\"><span dir=\"auto\">Maximale Aufl\u00f6sung<\/span><\/th><td class=\"woocommerce-product-attributes-item__value\"><p><span dir=\"auto\">Full HD 192, 1080 @ 75Hz<\/span><\/p><\/td><\/tr><tr class=\"woocommerce-product-attributes-item woocommerce-product-attributes-item--attribute_connectors\"><th class=\"woocommerce-product-attributes-item__label\" scope=\"row\"><span dir=\"auto\">Steckverbinder<\/span><\/th><td class=\"woocommerce-product-attributes-item__value\"><p><span dir=\"auto\">1x BNC (SDI-Eingang)<\/span><br \/><span dir=\"auto\">1x BNC (SDI-Loop-Eingang)<\/span><br \/><span dir=\"auto\">1x HDMI<\/span><br \/><span dir=\"auto\">PowerCON True Top (Eingang &amp; Ausgang)<\/span><\/p><\/td><\/tr><tr class=\"woocommerce-product-attributes-item woocommerce-product-attributes-item--attribute_viewing-angle\"><th class=\"woocommerce-product-attributes-item__label\" scope=\"row\"><span dir=\"auto\">Betrachtungswinkel<\/span><\/th><td class=\"woocommerce-product-attributes-item__value\"><p><span dir=\"auto\">150\u00b0 Horizontal<\/span><br \/><span dir=\"auto\">150\u00b0 Vertikal<\/span><\/p><\/td><\/tr><tr class=\"woocommerce-product-attributes-item woocommerce-product-attributes-item--attribute_power\"><th class=\"woocommerce-product-attributes-item__label\" scope=\"row\"><span dir=\"auto\">Leistung<\/span><\/th><td class=\"woocommerce-product-attributes-item__value\"><p><span dir=\"auto\">100 V \u2013 260 V Wechselstrom 50-60 Hz 1 A<\/span><br \/><span dir=\"auto\">1 A Gesamtstrom (16 A Verbindung im PowerCON True Top)<\/span><\/p><\/td><\/tr><tr class=\"woocommerce-product-attributes-item woocommerce-product-attributes-item--attribute_construction\"><th class=\"woocommerce-product-attributes-item__label\" scope=\"row\"><span dir=\"auto\">Konstruktion<\/span><\/th><td class=\"woocommerce-product-attributes-item__value\"><p><span dir=\"auto\">15 mm Birkensperrholz<\/span><\/p><\/td><\/tr><tr class=\"woocommerce-product-attributes-item woocommerce-product-attributes-item--attribute_finish\"><th class=\"woocommerce-product-attributes-item__label\" scope=\"row\"><span dir=\"auto\">Beenden<\/span><\/th><td class=\"woocommerce-product-attributes-item__value\"><p><span dir=\"auto\">Strapazierf\u00e4hige schwarze Beize und Profi-Lackierung (Sonderfarben erh\u00e4ltlich)<\/span><\/p><\/td><\/tr><tr class=\"woocommerce-product-attributes-item woocommerce-product-attributes-item--attribute_basefeet\"><th class=\"woocommerce-product-attributes-item__label\" scope=\"row\"><span dir=\"auto\">Sockel\/F\u00fc\u00dfe<\/span><\/th><td class=\"woocommerce-product-attributes-item__value\"><p><span dir=\"auto\">4 Gummif\u00fc\u00dfe an der Grundplatte,<\/span><br \/><span dir=\"auto\">3 Gummif\u00fc\u00dfe an einem Ende,<\/span><br \/><span dir=\"auto\">2 Gummif\u00fc\u00dfe an der R\u00fcckseite<\/span><br \/><span dir=\"auto\">, 2 Griffmulden an beiden Seiten<\/span><\/p><\/td><\/tr><tr class=\"woocommerce-product-attributes-item woocommerce-product-attributes-item--attribute_screen-protection\"><th class=\"woocommerce-product-attributes-item__label\" scope=\"row\"><span dir=\"auto\">Bildschirmschutz<\/span><\/th><td class=\"woocommerce-product-attributes-item__value\"><p><span dir=\"auto\"><span class=\"VIpgJd-yAWNEb-VIpgJd-fmcmS-sn54Q\" dir=\"auto\">4 mm transparente Acryl-Displayschutzfolie<\/span><\/span><\/p><\/td><\/tr><tr class=\"woocommerce-product-attributes-item woocommerce-product-attributes-item--attribute_brightness\"><th class=\"woocommerce-product-attributes-item__label\" scope=\"row\"><span dir=\"auto\">Helligkeit<\/span><\/th><td class=\"woocommerce-product-attributes-item__value\"><p><span dir=\"auto\">250 m\u00b3\/m\u00b2<\/span><\/p><\/td><\/tr><tr class=\"woocommerce-product-attributes-item woocommerce-product-attributes-item--attribute_colour-support\"><th class=\"woocommerce-product-attributes-item__label\" scope=\"row\"><span dir=\"auto\">Farbunterst\u00fctzung<\/span><\/th><td class=\"woocommerce-product-attributes-item__value\"><p><span dir=\"auto\">16,7 Millionen<\/span><\/p><\/td><\/tr><tr class=\"woocommerce-product-attributes-item woocommerce-product-attributes-item--attribute_response-time\"><th class=\"woocommerce-product-attributes-item__label\" scope=\"row\"><span dir=\"auto\">Ansprechzeit<\/span><\/th><td class=\"woocommerce-product-attributes-item__value\"><p><span dir=\"auto\">1 ms<\/span><\/p><\/td><\/tr><tr class=\"woocommerce-product-attributes-item woocommerce-product-attributes-item--attribute_aspect-ratio\"><th class=\"woocommerce-product-attributes-item__label\" scope=\"row\"><span dir=\"auto\">Seitenverh\u00e4ltnis<\/span><\/th><td class=\"woocommerce-product-attributes-item__value\"><p><span dir=\"auto\">16:09<\/span><\/p><\/td><\/tr><\/tbody><\/table><\/div><div id=\"jet-tabs-content-5172\" class=\"jet-tabs__content \" data-tab=\"2\" role=\"tabpanel\" aria-hidden=\"true\" data-template-id=\"6930\">\t\t<div data-elementor-type=\"page\" data-elementor-id=\"6930\" class=\"elementor elementor-6930\">\n\t\t\t\t<div class=\"elementor-element elementor-element-68bee37c e-flex e-con-boxed e-con e-parent\" data-id=\"68bee37c\" data-element_type=\"container\" data-e-type=\"container\">\n\t\t\t\t\t<div class=\"e-con-inner\">\n\t\t<div class=\"elementor-element elementor-element-55b7700d e-con-full e-flex e-con e-child\" data-id=\"55b7700d\" data-element_type=\"container\" data-e-type=\"container\">\n\t\t\t\t<div class=\"elementor-element elementor-element-13aa78ed elementor-align-center elementor-widget elementor-widget-button\" data-id=\"13aa78ed\" data-element_type=\"widget\" data-e-type=\"widget\" data-widget_type=\"button.default\">\n\t\t\t\t\t\t\t\t\t\t<a class=\"elementor-button elementor-button-link elementor-size-sm\" href=\"https:\/\/autocuesystems.com\/wp-content\/uploads\/2026\/05\/TCM-24-Guide.pdf\">\n\t\t\t\t\t\t<span class=\"elementor-button-content-wrapper\">\n\t\t\t\t\t\t<span class=\"elementor-button-icon\">\n\t\t\t\t<svg aria-hidden=\"true\" class=\"e-font-icon-svg e-fas-download\" viewBox=\"0 0 512 512\" xmlns=\"http:\/\/www.w3.org\/2000\/svg\"><path d=\"M216 0h80c13.3 0 24 10.7 24 24v168h87.7c17.8 0 26.7 21.5 14.1 34.1L269.7 378.3c-7.5 7.5-19.8 7.5-27.3 0L90.1 226.1c-12.6-12.6-3.7-34.1 14.1-34.1H192V24c0-13.3 10.7-24 24-24zm296 376v112c0 13.3-10.7 24-24 24H24c-13.3 0-24-10.7-24-24V376c0-13.3 10.7-24 24-24h146.7l49 49c20.1 20.1 52.5 20.1 72.6 0l49-49H488c13.3 0 24 10.7 24 24zm-124 88c0-11-9-20-20-20s-20 9-20 20 9 20 20 20 20-9 20-20zm64 0c0-11-9-20-20-20s-20 9-20 20 9 20 20 20 20-9 20-20z\"><\/path><\/svg>\t\t\t<\/span>\n\t\t\t\t\t\t\t\t\t<span class=\"elementor-button-text\">TCM-24 Manual<\/span>\n\t\t\t\t\t<\/span>\n\t\t\t\t\t<\/a>\n\t\t\t\t\t\t\t\t<\/div>\n\t\t\t\t<\/div>\n\t\t<div class=\"elementor-element elementor-element-2a579956 e-con-full e-flex e-con e-child\" data-id=\"2a579956\" data-element_type=\"container\" data-e-type=\"container\">\n\t\t\t\t<div class=\"elementor-element elementor-element-4a85ada9 elementor-align-center elementor-widget elementor-widget-button\" data-id=\"4a85ada9\" data-element_type=\"widget\" data-e-type=\"widget\" data-widget_type=\"button.default\">\n\t\t\t\t\t\t\t\t\t\t<a class=\"elementor-button elementor-button-link elementor-size-sm\" href=\"https:\/\/autocuesystems.com\/wp-content\/uploads\/2026\/05\/TCM-24-Spec-Sheet.pdf\">\n\t\t\t\t\t\t<span class=\"elementor-button-content-wrapper\">\n\t\t\t\t\t\t<span class=\"elementor-button-icon\">\n\t\t\t\t<svg aria-hidden=\"true\" class=\"e-font-icon-svg e-fas-info-circle\" viewBox=\"0 0 512 512\" xmlns=\"http:\/\/www.w3.org\/2000\/svg\"><path d=\"M256 8C119.043 8 8 119.083 8 256c0 136.997 111.043 248 248 248s248-111.003 248-248C504 119.083 392.957 8 256 8zm0 110c23.196 0 42 18.804 42 42s-18.804 42-42 42-42-18.804-42-42 18.804-42 42-42zm56 254c0 6.627-5.373 12-12 12h-88c-6.627 0-12-5.373-12-12v-24c0-6.627 5.373-12 12-12h12v-64h-12c-6.627 0-12-5.373-12-12v-24c0-6.627 5.373-12 12-12h64c6.627 0 12 5.373 12 12v100h12c6.627 0 12 5.373 12 12v24z\"><\/path><\/svg>\t\t\t<\/span>\n\t\t\t\t\t\t\t\t\t<span class=\"elementor-button-text\">TCM-24 Spec. Sheet<\/span>\n\t\t\t\t\t<\/span>\n\t\t\t\t\t<\/a>\n\t\t\t\t\t\t\t\t<\/div>\n\t\t\t\t<\/div>\n\t\t<div class=\"elementor-element elementor-element-478f222c e-con-full e-flex e-con e-child\" data-id=\"478f222c\" data-element_type=\"container\" data-e-type=\"container\">\n\t\t\t\t<div class=\"elementor-element elementor-element-7b69d999 elementor-align-center elementor-widget elementor-widget-button\" data-id=\"7b69d999\" data-element_type=\"widget\" data-e-type=\"widget\" data-widget_type=\"button.default\">\n\t\t\t\t\t\t\t\t\t\t<a class=\"elementor-button elementor-button-link elementor-size-sm\" href=\"https:\/\/autocuesystems.com\/wp-content\/uploads\/2026\/05\/TCM-24-Sketch.jpg\">\n\t\t\t\t\t\t<span class=\"elementor-button-content-wrapper\">\n\t\t\t\t\t\t<span class=\"elementor-button-icon\">\n\t\t\t\t<svg aria-hidden=\"true\" class=\"e-font-icon-svg e-fas-image\" viewBox=\"0 0 512 512\" xmlns=\"http:\/\/www.w3.org\/2000\/svg\"><path d=\"M464 448H48c-26.51 0-48-21.49-48-48V112c0-26.51 21.49-48 48-48h416c26.51 0 48 21.49 48 48v288c0 26.51-21.49 48-48 48zM112 120c-30.928 0-56 25.072-56 56s25.072 56 56 56 56-25.072 56-56-25.072-56-56-56zM64 384h384V272l-87.515-87.515c-4.686-4.686-12.284-4.686-16.971 0L208 320l-55.515-55.515c-4.686-4.686-12.284-4.686-16.971 0L64 336v48z\"><\/path><\/svg>\t\t\t<\/span>\n\t\t\t\t\t\t\t\t\t<span class=\"elementor-button-text\">TCM-24 Sketch<\/span>\n\t\t\t\t\t<\/span>\n\t\t\t\t\t<\/a>\n\t\t\t\t\t\t\t\t<\/div>\n\t\t\t\t<\/div>\n\t\t\t\t\t<\/div>\n\t\t\t\t<\/div>\n\t\t\t\t<\/div>\n\t\t<\/div>\t\t\t<\/div>\n\t\t\t\t\t<\/div>\n\t\t\t\t\t\t<\/div>\n\t\t\t\t<\/div>\n\t\t\t\t\t<\/div>\n\t\t\t\t<\/div>\n\t\t\t\t<\/div>\n\t\t","protected":false},"excerpt":{"rendered":"<p><span dir=\"auto\" style=\"font-family: Roboto; color: #000000; font-size: 16px;\"><span class=\"VIpgJd-yAWNEb-VIpgJd-fmcmS-sn54Q\" dir=\"auto\">Das robuste Design und die un\u00fcbertroffene Leistung des TCM-24 haben ihn endg\u00fcltig als den bevorzugten Komfortmonitor f\u00fcr unterschiedlichste anspruchsvolle Anwendungen etabliert. Von der pulsierenden Energie hochkar\u00e4tiger Live-Konzerte, bei denen absolute Klarheit unerl\u00e4sslich ist, bis hin zu den minutengenauen Anforderungen kritischer Rundfunkumgebungen \u2013 der TCM-24 hat sich als unverzichtbare Wahl f\u00fcr Profis erwiesen. Seine robuste Konstruktion garantiert Zuverl\u00e4ssigkeit Abend f\u00fcr Abend, Tour f\u00fcr Tour und macht ihn zu einem echten Arbeitstier.<\/span><\/span><\/p>\n<p><span dir=\"auto\" style=\"font-family: Roboto; color: #000000; font-size: 16px;\">Dieses anhaltende Verm\u00e4chtnis ist ein eindrucksvoller Beweis f\u00fcr das Engagement von APT-GB f\u00fcr praxisorientierte Innovation und kompromisslose Qualit\u00e4t. Der TCM-24 Autocue-Monitor ist mehr als nur ein Ger\u00e4t; er ist eine praxiserprobte L\u00f6sung, die stets f\u00fcr Klarheit, Helligkeit und Stabilit\u00e4t sorgt und es K\u00fcnstlern, Moderatoren und Crewmitgliedern erm\u00f6glicht, selbst unter h\u00e4rtesten Bedingungen absolut souver\u00e4n zu arbeiten. Diese langj\u00e4hrige Zuverl\u00e4ssigkeit hat in der Branche tiefes Vertrauen geschaffen.<\/span><\/p>\n","protected":false},"featured_media":8479,"comment_status":"open","ping_status":"closed","template":"","meta":{"om_disable_all_campaigns":false,"_uf_show_specific_survey":0,"_uf_disable_surveys":false},"product_brand":[],"product_cat":[710,1282,1308],"product_tag":[],"class_list":{"0":"post-8591","1":"product","2":"type-product","3":"status-publish","4":"has-post-thumbnail","6":"product_cat-stage-autocue-systems-de-2","7":"product_cat-tcm-range","8":"product_cat-tcm-24","10":"first","11":"instock","12":"taxable","13":"shipping-taxable","14":"purchasable","15":"product-type-simple","16":"prodpage-classic"},"aioseo_notices":[],"_links":{"self":[{"href":"https:\/\/autocuesystems.com\/de\/wp-json\/wp\/v2\/product\/8591","targetHints":{"allow":["GET"]}}],"collection":[{"href":"https:\/\/autocuesystems.com\/de\/wp-json\/wp\/v2\/product"}],"about":[{"href":"https:\/\/autocuesystems.com\/de\/wp-json\/wp\/v2\/types\/product"}],"replies":[{"embeddable":true,"href":"https:\/\/autocuesystems.com\/de\/wp-json\/wp\/v2\/comments?post=8591"}],"version-history":[{"count":24,"href":"https:\/\/autocuesystems.com\/de\/wp-json\/wp\/v2\/product\/8591\/revisions"}],"predecessor-version":[{"id":10113,"href":"https:\/\/autocuesystems.com\/de\/wp-json\/wp\/v2\/product\/8591\/revisions\/10113"}],"wp:featuredmedia":[{"embeddable":true,"href":"https:\/\/autocuesystems.com\/de\/wp-json\/wp\/v2\/media\/8479"}],"wp:attachment":[{"href":"https:\/\/autocuesystems.com\/de\/wp-json\/wp\/v2\/media?parent=8591"}],"wp:term":[{"taxonomy":"product_brand","embeddable":true,"href":"https:\/\/autocuesystems.com\/de\/wp-json\/wp\/v2\/product_brand?post=8591"},{"taxonomy":"product_cat","embeddable":true,"href":"https:\/\/autocuesystems.com\/de\/wp-json\/wp\/v2\/product_cat?post=8591"},{"taxonomy":"product_tag","embeddable":true,"href":"https:\/\/autocuesystems.com\/de\/wp-json\/wp\/v2\/product_tag?post=8591"}],"curies":[{"name":"wp","href":"https:\/\/api.w.org\/{rel}","templated":true}]}}