{"id":1795,"date":"2025-11-08T11:35:14","date_gmt":"2025-11-08T11:35:14","guid":{"rendered":"https:\/\/autocuesystems.com\/product\/apt-gb-smv-2-series\/"},"modified":"2026-05-08T12:48:50","modified_gmt":"2026-05-08T12:48:50","slug":"apt-gb-smv212","status":"publish","type":"product","link":"https:\/\/autocuesystems.com\/de\/produkt\/apt-gb-smv212\/","title":{"rendered":"APT-GB SMV212"},"content":{"rendered":"\t\t<div data-elementor-type=\"wp-post\" data-elementor-id=\"1795\" class=\"elementor elementor-1795 elementor-778\">\n\t\t\t\t<div class=\"elementor-element elementor-element-41d82184 e-con-full e-flex e-con e-parent\" data-id=\"41d82184\" data-element_type=\"container\" data-e-type=\"container\">\n\t\t\t\t<div class=\"elementor-element elementor-element-529c3cdd elementor-widget elementor-widget-jet-tabs\" data-id=\"529c3cdd\" data-element_type=\"widget\" data-e-type=\"widget\" data-settings=\"{&quot;tabs_position&quot;:&quot;left&quot;,&quot;no_active_tabs&quot;:&quot;false&quot;}\" data-widget_type=\"jet-tabs.default\">\n\t\t\t\t<div class=\"elementor-widget-container\">\n\t\t\t\t\t\n\t\t<div class=\"jet-tabs jet-tabs-position-left jet-tabs-move-up-effect  \" data-settings=\"{&quot;activeIndex&quot;:0,&quot;event&quot;:&quot;click&quot;,&quot;autoSwitch&quot;:false,&quot;autoSwitchDelay&quot;:3000,&quot;ajaxTemplate&quot;:false,&quot;tabsPosition&quot;:&quot;left&quot;,&quot;switchScrolling&quot;:false,&quot;switchScrollingOffset&quot;:0}\">\n\t\t\t\t\t\t<div class=\"jet-tabs__control-wrapper\" role=\"tablist\">\n\n                                    <div id=\"jet-tabs-control-1381\" class=\"jet-tabs__control jet-tabs__control-icon-left elementor-menu-anchor active-tab \" data-tab=\"1\" tabindex=\"0\" role=\"tab\" aria-controls=\"jet-tabs-content-1381\" aria-expanded=\"true\" data-template-id=\"false\"><div class=\"jet-tabs__control-inner\"><div class=\"jet-tabs__label-icon jet-tabs-icon\"><svg class=\"e-font-icon-svg e-fas-bars\" viewBox=\"0 0 448 512\" xmlns=\"http:\/\/www.w3.org\/2000\/svg\"><path d=\"M16 132h416c8.837 0 16-7.163 16-16V76c0-8.837-7.163-16-16-16H16C7.163 60 0 67.163 0 76v40c0 8.837 7.163 16 16 16zm0 160h416c8.837 0 16-7.163 16-16v-40c0-8.837-7.163-16-16-16H16c-8.837 0-16 7.163-16 16v40c0 8.837 7.163 16 16 16zm0 160h416c8.837 0 16-7.163 16-16v-40c0-8.837-7.163-16-16-16H16c-8.837 0-16 7.163-16 16v40c0 8.837 7.163 16 16 16z\"><\/path><\/svg><\/div><div class=\"jet-tabs__label-text\">SMV212 Information<\/div><\/div><\/div><div id=\"jet-tabs-control-1382\" class=\"jet-tabs__control jet-tabs__control-icon-left elementor-menu-anchor  \" data-tab=\"2\" tabindex=\"0\" role=\"tab\" aria-controls=\"jet-tabs-content-1382\" aria-expanded=\"false\" data-template-id=\"7410\"><div class=\"jet-tabs__control-inner\"><div class=\"jet-tabs__label-icon jet-tabs-icon\"><svg class=\"e-font-icon-svg e-far-folder-open\" viewBox=\"0 0 576 512\" xmlns=\"http:\/\/www.w3.org\/2000\/svg\"><path d=\"M527.9 224H480v-48c0-26.5-21.5-48-48-48H272l-64-64H48C21.5 64 0 85.5 0 112v288c0 26.5 21.5 48 48 48h400c16.5 0 31.9-8.5 40.7-22.6l79.9-128c20-31.9-3-73.4-40.7-73.4zM48 118c0-3.3 2.7-6 6-6h134.1l64 64H426c3.3 0 6 2.7 6 6v42H152c-16.8 0-32.4 8.8-41.1 23.2L48 351.4zm400 282H72l77.2-128H528z\"><\/path><\/svg><\/div><div class=\"jet-tabs__label-text\">SMV212 Documents<\/div><\/div><\/div><div id=\"jet-tabs-control-1383\" class=\"jet-tabs__control jet-tabs__control-icon-left elementor-menu-anchor  \" data-tab=\"3\" tabindex=\"0\" role=\"tab\" aria-controls=\"jet-tabs-content-1383\" aria-expanded=\"false\" data-template-id=\"false\"><div class=\"jet-tabs__control-inner\"><div class=\"jet-tabs__label-icon jet-tabs-icon\"><svg class=\"e-font-icon-svg e-fas-info-circle\" viewBox=\"0 0 512 512\" xmlns=\"http:\/\/www.w3.org\/2000\/svg\"><path d=\"M256 8C119.043 8 8 119.083 8 256c0 136.997 111.043 248 248 248s248-111.003 248-248C504 119.083 392.957 8 256 8zm0 110c23.196 0 42 18.804 42 42s-18.804 42-42 42-42-18.804-42-42 18.804-42 42-42zm56 254c0 6.627-5.373 12-12 12h-88c-6.627 0-12-5.373-12-12v-24c0-6.627 5.373-12 12-12h12v-64h-12c-6.627 0-12-5.373-12-12v-24c0-6.627 5.373-12 12-12h64c6.627 0 12 5.373 12 12v100h12c6.627 0 12 5.373 12 12v24z\"><\/path><\/svg><\/div><div class=\"jet-tabs__label-text\">NDI\u00ae and NDI\u00ae| HX<\/div><\/div><\/div>\n                    \t\t\t    <\/div>\n\t\t\t<div class=\"jet-tabs__content-wrapper\">\n\t\t\t\t<div id=\"jet-tabs-content-1381\" class=\"jet-tabs__content active-content\" data-tab=\"1\" role=\"tabpanel\" aria-hidden=\"false\" data-template-id=\"false\"><h2><span dir=\"auto\"><span class=\"\" dir=\"auto\">Weitere Informationen SMV212<\/span><\/span><\/h2><table class=\"woocommerce-product-attributes shop_attributes\" aria-label=\"Produktdetails\"><tbody><tr class=\"woocommerce-product-attributes-item woocommerce-product-attributes-item--attribute_maximum-resolution\"><th class=\"woocommerce-product-attributes-item__label\" scope=\"row\"><span dir=\"auto\">Maximale Aufl\u00f6sung<\/span><\/th><td class=\"woocommerce-product-attributes-item__value\"><p><span dir=\"auto\">1920 x 1080<\/span><\/p><\/td><\/tr><tr class=\"woocommerce-product-attributes-item woocommerce-product-attributes-item--attribute_weight\"><th class=\"woocommerce-product-attributes-item__label\" scope=\"row\"><span dir=\"auto\">Gewicht<\/span><\/th><td class=\"woocommerce-product-attributes-item__value\"><p><span dir=\"auto\">10 kg<\/span><\/p><\/td><\/tr><tr class=\"woocommerce-product-attributes-item woocommerce-product-attributes-item--attribute_connectors\"><th class=\"woocommerce-product-attributes-item__label\" scope=\"row\"><span dir=\"auto\">Steckverbinder<\/span><\/th><td class=\"woocommerce-product-attributes-item__value\"><p><span dir=\"auto\">2 x EtherCON,<\/span><br \/><span dir=\"auto\">2 x BNC SDI,<\/span><br \/><span dir=\"auto\">1 x HDMI,<\/span><br \/><span dir=\"auto\">1 x PowerCON, TRUE1 TOP Ein- und Ausgang<\/span><\/p><\/td><\/tr><tr class=\"woocommerce-product-attributes-item woocommerce-product-attributes-item--attribute_screen-size\"><th class=\"woocommerce-product-attributes-item__label\" scope=\"row\"><span dir=\"auto\">Bildschirmgr\u00f6\u00dfe<\/span><\/th><td class=\"woocommerce-product-attributes-item__value\"><p><span dir=\"auto\">12&#8243;<\/span><\/p><\/td><\/tr><tr class=\"woocommerce-product-attributes-item woocommerce-product-attributes-item--attribute_contrast\"><th class=\"woocommerce-product-attributes-item__label\" scope=\"row\"><span dir=\"auto\">Kontrast<\/span><\/th><td class=\"woocommerce-product-attributes-item__value\"><p><span dir=\"auto\">700:1<\/span><\/p><\/td><\/tr><tr class=\"woocommerce-product-attributes-item woocommerce-product-attributes-item--attribute_viewing-angle\"><th class=\"woocommerce-product-attributes-item__label\" scope=\"row\"><span dir=\"auto\">Betrachtungswinkel<\/span><\/th><td class=\"woocommerce-product-attributes-item__value\"><p><span dir=\"auto\">178\u02da H x V<\/span><\/p><\/td><\/tr><tr class=\"woocommerce-product-attributes-item woocommerce-product-attributes-item--attribute_power\"><th class=\"woocommerce-product-attributes-item__label\" scope=\"row\"><span dir=\"auto\">Leistung<\/span><\/th><td class=\"woocommerce-product-attributes-item__value\"><p><span dir=\"auto\">90 V \u2013 260 V Wechselstrom, 50\u201360 Hz, 2 A<\/span><\/p><\/td><\/tr><tr class=\"woocommerce-product-attributes-item woocommerce-product-attributes-item--attribute_size-hwd\"><th class=\"woocommerce-product-attributes-item__label\" scope=\"row\"><span dir=\"auto\">Gr\u00f6\u00dfe (H x B x T)<\/span><\/th><td class=\"woocommerce-product-attributes-item__value\"><p><span dir=\"auto\">177, 380, 234 mm<\/span><\/p><\/td><\/tr><tr class=\"woocommerce-product-attributes-item woocommerce-product-attributes-item--attribute_construction\"><th class=\"woocommerce-product-attributes-item__label\" scope=\"row\"><span dir=\"auto\">Konstruktion<\/span><\/th><td class=\"woocommerce-product-attributes-item__value\"><p><span dir=\"auto\">15 mm Birkensperrholz<\/span><\/p><\/td><\/tr><tr class=\"woocommerce-product-attributes-item woocommerce-product-attributes-item--attribute_finish\"><th class=\"woocommerce-product-attributes-item__label\" scope=\"row\"><span dir=\"auto\">Beenden<\/span><\/th><td class=\"woocommerce-product-attributes-item__value\"><p><span dir=\"auto\">Strapazierf\u00e4hige schwarze Beize und Profi-Lackierung (Sonderfarben sind erh\u00e4ltlich)<\/span><\/p><\/td><\/tr><tr class=\"woocommerce-product-attributes-item woocommerce-product-attributes-item--attribute_handlesfeet\"><th class=\"woocommerce-product-attributes-item__label\" scope=\"row\"><span dir=\"auto\">Griffe\/F\u00fc\u00dfe<\/span><\/th><td class=\"woocommerce-product-attributes-item__value\"><p><span dir=\"auto\">4 Gummif\u00fc\u00dfe an der Unterseite,<\/span><br \/><span dir=\"auto\">3 Gummif\u00fc\u00dfe an der Seite<\/span><br \/><span dir=\"auto\">, 2 Griffaussparungen<\/span><\/p><\/td><\/tr><tr class=\"woocommerce-product-attributes-item woocommerce-product-attributes-item--attribute_network-av-protocols\"><th class=\"woocommerce-product-attributes-item__label\" scope=\"row\"><span dir=\"auto\">Netzwerk-AV-Protokolle<\/span><\/th><td class=\"woocommerce-product-attributes-item__value\"><p><span dir=\"auto\"><span class=\"VIpgJd-yAWNEb-VIpgJd-fmcmS-sn54Q\" dir=\"auto\">RTSP, RTMP, HTTP, HLS, UDP, Unicast, Multicast, ONVIF, SRT, NDIIHX\u00ae<\/span><\/span><\/p><\/td><\/tr><tr class=\"woocommerce-product-attributes-item woocommerce-product-attributes-item--attribute_signal-specifications\"><th class=\"woocommerce-product-attributes-item__label\" scope=\"row\"><span dir=\"auto\">Signalspezifikationen<\/span><\/th><td class=\"woocommerce-product-attributes-item__value\"><p><span dir=\"auto\">HDMI 1.4 unterst\u00fctzt bis zu 4K@30fps<\/span><br \/><span dir=\"auto\">3G-SDI, bis zu 1080P60<\/span><\/p><\/td><\/tr><\/tbody><\/table><\/div><div id=\"jet-tabs-content-1382\" class=\"jet-tabs__content \" data-tab=\"2\" role=\"tabpanel\" aria-hidden=\"true\" data-template-id=\"7410\">\t\t<div data-elementor-type=\"page\" data-elementor-id=\"7410\" class=\"elementor elementor-7410\">\n\t\t\t\t<div class=\"elementor-element elementor-element-534b2b8 e-flex e-con-boxed e-con e-parent\" data-id=\"534b2b8\" data-element_type=\"container\" data-e-type=\"container\">\n\t\t\t\t\t<div class=\"e-con-inner\">\n\t\t<div class=\"elementor-element elementor-element-d903d63 e-con-full e-flex e-con e-child\" data-id=\"d903d63\" data-element_type=\"container\" data-e-type=\"container\">\n\t\t\t\t<div class=\"elementor-element elementor-element-53cc8e59 elementor-align-center elementor-widget elementor-widget-button\" data-id=\"53cc8e59\" data-element_type=\"widget\" data-e-type=\"widget\" data-widget_type=\"button.default\">\n\t\t\t\t\t\t\t\t\t\t<a class=\"elementor-button elementor-button-link elementor-size-sm\" href=\"https:\/\/autocuesystems.com\/wp-content\/uploads\/2026\/04\/SMV212-Guide.pdf\">\n\t\t\t\t\t\t<span class=\"elementor-button-content-wrapper\">\n\t\t\t\t\t\t<span class=\"elementor-button-icon\">\n\t\t\t\t<svg aria-hidden=\"true\" class=\"e-font-icon-svg e-fas-download\" viewBox=\"0 0 512 512\" xmlns=\"http:\/\/www.w3.org\/2000\/svg\"><path d=\"M216 0h80c13.3 0 24 10.7 24 24v168h87.7c17.8 0 26.7 21.5 14.1 34.1L269.7 378.3c-7.5 7.5-19.8 7.5-27.3 0L90.1 226.1c-12.6-12.6-3.7-34.1 14.1-34.1H192V24c0-13.3 10.7-24 24-24zm296 376v112c0 13.3-10.7 24-24 24H24c-13.3 0-24-10.7-24-24V376c0-13.3 10.7-24 24-24h146.7l49 49c20.1 20.1 52.5 20.1 72.6 0l49-49H488c13.3 0 24 10.7 24 24zm-124 88c0-11-9-20-20-20s-20 9-20 20 9 20 20 20 20-9 20-20zm64 0c0-11-9-20-20-20s-20 9-20 20 9 20 20 20 20-9 20-20z\"><\/path><\/svg>\t\t\t<\/span>\n\t\t\t\t\t\t\t\t\t<span class=\"elementor-button-text\">SMV212 Manual<\/span>\n\t\t\t\t\t<\/span>\n\t\t\t\t\t<\/a>\n\t\t\t\t\t\t\t\t<\/div>\n\t\t\t\t<\/div>\n\t\t<div class=\"elementor-element elementor-element-b3c73f6 e-con-full e-flex e-con e-child\" data-id=\"b3c73f6\" data-element_type=\"container\" data-e-type=\"container\">\n\t\t\t\t<div class=\"elementor-element elementor-element-d4f34b elementor-align-center elementor-widget elementor-widget-button\" data-id=\"d4f34b\" data-element_type=\"widget\" data-e-type=\"widget\" data-widget_type=\"button.default\">\n\t\t\t\t\t\t\t\t\t\t<a class=\"elementor-button elementor-button-link elementor-size-sm\" href=\"https:\/\/autocuesystems.com\/wp-content\/uploads\/2026\/04\/SMV212-Spec-Sheet.pdf\">\n\t\t\t\t\t\t<span class=\"elementor-button-content-wrapper\">\n\t\t\t\t\t\t<span class=\"elementor-button-icon\">\n\t\t\t\t<svg aria-hidden=\"true\" class=\"e-font-icon-svg e-fas-info-circle\" viewBox=\"0 0 512 512\" xmlns=\"http:\/\/www.w3.org\/2000\/svg\"><path d=\"M256 8C119.043 8 8 119.083 8 256c0 136.997 111.043 248 248 248s248-111.003 248-248C504 119.083 392.957 8 256 8zm0 110c23.196 0 42 18.804 42 42s-18.804 42-42 42-42-18.804-42-42 18.804-42 42-42zm56 254c0 6.627-5.373 12-12 12h-88c-6.627 0-12-5.373-12-12v-24c0-6.627 5.373-12 12-12h12v-64h-12c-6.627 0-12-5.373-12-12v-24c0-6.627 5.373-12 12-12h64c6.627 0 12 5.373 12 12v100h12c6.627 0 12 5.373 12 12v24z\"><\/path><\/svg>\t\t\t<\/span>\n\t\t\t\t\t\t\t\t\t<span class=\"elementor-button-text\">SMV212 Spec. Sheet<\/span>\n\t\t\t\t\t<\/span>\n\t\t\t\t\t<\/a>\n\t\t\t\t\t\t\t\t<\/div>\n\t\t\t\t<\/div>\n\t\t<div class=\"elementor-element elementor-element-7ca4efc e-con-full e-flex e-con e-child\" data-id=\"7ca4efc\" data-element_type=\"container\" data-e-type=\"container\">\n\t\t\t\t<div class=\"elementor-element elementor-element-1a629ada elementor-align-center elementor-widget elementor-widget-button\" data-id=\"1a629ada\" data-element_type=\"widget\" data-e-type=\"widget\" data-widget_type=\"button.default\">\n\t\t\t\t\t\t\t\t\t\t<a class=\"elementor-button elementor-button-link elementor-size-sm\" href=\"https:\/\/autocuesystems.com\/wp-content\/uploads\/2026\/04\/APT-SMV212-Sketch.jpg\">\n\t\t\t\t\t\t<span class=\"elementor-button-content-wrapper\">\n\t\t\t\t\t\t<span class=\"elementor-button-icon\">\n\t\t\t\t<svg aria-hidden=\"true\" class=\"e-font-icon-svg e-fas-image\" viewBox=\"0 0 512 512\" xmlns=\"http:\/\/www.w3.org\/2000\/svg\"><path d=\"M464 448H48c-26.51 0-48-21.49-48-48V112c0-26.51 21.49-48 48-48h416c26.51 0 48 21.49 48 48v288c0 26.51-21.49 48-48 48zM112 120c-30.928 0-56 25.072-56 56s25.072 56 56 56 56-25.072 56-56-25.072-56-56-56zM64 384h384V272l-87.515-87.515c-4.686-4.686-12.284-4.686-16.971 0L208 320l-55.515-55.515c-4.686-4.686-12.284-4.686-16.971 0L64 336v48z\"><\/path><\/svg>\t\t\t<\/span>\n\t\t\t\t\t\t\t\t\t<span class=\"elementor-button-text\">SMV212 Sketch<\/span>\n\t\t\t\t\t<\/span>\n\t\t\t\t\t<\/a>\n\t\t\t\t\t\t\t\t<\/div>\n\t\t\t\t<\/div>\n\t\t<div class=\"elementor-element elementor-element-3747172 e-con-full e-flex e-con e-child\" data-id=\"3747172\" data-element_type=\"container\" data-e-type=\"container\">\n\t\t\t\t<div class=\"elementor-element elementor-element-919be7d elementor-align-center elementor-widget elementor-widget-button\" data-id=\"919be7d\" data-element_type=\"widget\" data-e-type=\"widget\" data-widget_type=\"button.default\">\n\t\t\t\t\t\t\t\t\t\t<a class=\"elementor-button elementor-button-link elementor-size-sm\" href=\"https:\/\/autocuesystems.com\/wp-content\/uploads\/2026\/05\/Verschillen-NDI-en-NDI-HX.pdf\">\n\t\t\t\t\t\t<span class=\"elementor-button-content-wrapper\">\n\t\t\t\t\t\t<span class=\"elementor-button-icon\">\n\t\t\t\t<svg aria-hidden=\"true\" class=\"e-font-icon-svg e-fas-file-pdf\" viewBox=\"0 0 384 512\" xmlns=\"http:\/\/www.w3.org\/2000\/svg\"><path d=\"M181.9 256.1c-5-16-4.9-46.9-2-46.9 8.4 0 7.6 36.9 2 46.9zm-1.7 47.2c-7.7 20.2-17.3 43.3-28.4 62.7 18.3-7 39-17.2 62.9-21.9-12.7-9.6-24.9-23.4-34.5-40.8zM86.1 428.1c0 .8 13.2-5.4 34.9-40.2-6.7 6.3-29.1 24.5-34.9 40.2zM248 160h136v328c0 13.3-10.7 24-24 24H24c-13.3 0-24-10.7-24-24V24C0 10.7 10.7 0 24 0h200v136c0 13.2 10.8 24 24 24zm-8 171.8c-20-12.2-33.3-29-42.7-53.8 4.5-18.5 11.6-46.6 6.2-64.2-4.7-29.4-42.4-26.5-47.8-6.8-5 18.3-.4 44.1 8.1 77-11.6 27.6-28.7 64.6-40.8 85.8-.1 0-.1.1-.2.1-27.1 13.9-73.6 44.5-54.5 68 5.6 6.9 16 10 21.5 10 17.9 0 35.7-18 61.1-61.8 25.8-8.5 54.1-19.1 79-23.2 21.7 11.8 47.1 19.5 64 19.5 29.2 0 31.2-32 19.7-43.4-13.9-13.6-54.3-9.7-73.6-7.2zM377 105L279 7c-4.5-4.5-10.6-7-17-7h-6v128h128v-6.1c0-6.3-2.5-12.4-7-16.9zm-74.1 255.3c4.1-2.7-2.5-11.9-42.8-9 37.1 15.8 42.8 9 42.8 9z\"><\/path><\/svg>\t\t\t<\/span>\n\t\t\t\t\t\t\t\t\t<span class=\"elementor-button-text\">NDI\u00ae and NDI\u00ae | HX<\/span>\n\t\t\t\t\t<\/span>\n\t\t\t\t\t<\/a>\n\t\t\t\t\t\t\t\t<\/div>\n\t\t\t\t<\/div>\n\t\t\t\t\t<\/div>\n\t\t\t\t<\/div>\n\t\t\t\t<\/div>\n\t\t<\/div><div id=\"jet-tabs-content-1383\" class=\"jet-tabs__content \" data-tab=\"3\" role=\"tabpanel\" aria-hidden=\"true\" data-template-id=\"false\"><p>NDI\u00ae-Video verbraucht viel Bandbreite, weshalb wir es \u201eVolle\/hohe Bandbreite\u201c nennen. Dies wird besonders f\u00fcr Anwendungen empfohlen, bei denen die Latenz kritisch sein kann (z. B. in einer Live-Umgebung). Daher muss NDI\u00ae-Video in dedizierten Hochgeschwindigkeits-AV-Netzwerken ausgef\u00fchrt werden.<\/p><p>NDI\u00ae| HX, auch High Efficiency genannt, nutzt die H.264-Videokomprimierung und erm\u00f6glicht so die Erzeugung hochwertiger Videostreams bei niedrigen Datenraten. Dies macht es ideal, wenn die Netzwerkbandbreite begrenzt ist (auch geeignet f\u00fcr \u00f6ffentliches Internet, Remote-WLAN, gro\u00dfe Remote-Netzwerke usw.). In proAV-Apps ist eine geringere Bandbreite in Ordnung (eine hohe Bandbreite ist nicht erforderlich), alles h\u00e4ngt von der jeweiligen Anwendung ab, z. B. Medizin (R\u00f6ntgenaufnahmen, medizinische Inhalte mit allen Farbinformationen usw.) im Vergleich zu Vorlesungsaufzeichnungen, bei denen die Latenz kein Problem darstellt, aber eine Speicheroptimierung erforderlich ist!<\/p><p>Um Zahlen zu nennen: Ein NDI\u00ae mit voller Bandbreite verbraucht etwa ~150 Mbit\/s mit Latenzen von ~16 ms f\u00fcr einen 1080p60-Stream, bei dem NDI\u00ae| HX verwendet je nach verwendeter Ausr\u00fcstung Geschwindigkeiten zwischen 1 und 50 Mbit\/s mit Latenzen zwischen 80 und 200 ms.<\/p><p><a href=\"https:\/\/avonic.com\/whats-the-difference-between-ndi-and-ndihx\">M\u00f6chten Sie mehr wissen?<\/a><\/p><p>NDI\u00ae und NDI\u00ae| HX sind beide beispielsweise mit Vmix und insbesondere mit den zahlreichen kostenlosen NDI 5-Tools kompatibel.<\/p><p>Vielen Dank f\u00fcr alle Informationen an:<\/p><p><img decoding=\"async\" class=\"aligncenter wp-image-7595\" src=\"https:\/\/autocuesystems.com\/wp-content\/uploads\/2026\/04\/Logo-Avonic-2.svg\" alt=\"\" width=\"250\" \/><\/p><\/div>\t\t\t<\/div>\n\t\t\t\t\t<\/div>\n\t\t\t\t\t\t<\/div>\n\t\t\t\t<\/div>\n\t\t\t\t<\/div>\n\t\t\t\t<\/div>\n\t\t","protected":false},"excerpt":{"rendered":"<p><span dir=\"auto\" style=\"font-family: Roboto; font-size: 16px; color: #000000;\">Nach dem weltweiten Erfolg der SMV-Reihe, einem B\u00fchnenmonitor, der wie ein Audiomonitor aussieht, pr\u00e4sentiert APT-GB stolz die SMV2-Reihe und f\u00fchrt das Produkt in eine neue \u00c4ra der Video- und B\u00fchnenprodukte.<\/span><\/p>\n<p><span dir=\"auto\" style=\"font-family: Roboto; font-size: 16px; color: #000000;\"><span class=\"VIpgJd-yAWNEb-VIpgJd-fmcmS-sn54Q\" dir=\"auto\">Der SMV212 bietet jetzt ein robustes 12-Zoll-Full-HD-Display mit weitem Betrachtungswinkel, das K\u00fcnstlern mehr Bewegungsfreiheit auf der B\u00fchne erm\u00f6glicht. Dank der klaren, hellen und kontrastreichen Videoausgabe ist das Bild noch besser lesbar. Der SMV212 hat au\u00dferdem ein gr\u00f6\u00dferes Modell, das zeitgleich mit dem SMV212 auf den Markt kommt. Es bietet dieselben Funktionen, verf\u00fcgt aber \u00fcber ein gr\u00f6\u00dferes Display mit 24 Zoll. Dieses ist ideal f\u00fcr Anl\u00e4sse, bei denen gr\u00f6\u00dfere Bildschirme ben\u00f6tigt werden, wie beispielsweise in Kirchen oder auf Konferenzen.<\/span><\/span><\/p>\n","protected":false},"featured_media":4798,"comment_status":"open","ping_status":"closed","template":"","meta":{"om_disable_all_campaigns":false,"_uf_show_specific_survey":0,"_uf_disable_surveys":false},"product_brand":[],"product_cat":[1298,1300,710],"product_tag":[],"class_list":{"0":"post-1795","1":"product","2":"type-product","3":"status-publish","4":"has-post-thumbnail","6":"product_cat-smv2-range","7":"product_cat-smv212","8":"product_cat-stage-autocue-systems-de-2","10":"first","11":"onbackorder","12":"taxable","13":"shipping-taxable","14":"purchasable","15":"product-type-simple","16":"prodpage-classic"},"aioseo_notices":[],"_links":{"self":[{"href":"https:\/\/autocuesystems.com\/de\/wp-json\/wp\/v2\/product\/1795","targetHints":{"allow":["GET"]}}],"collection":[{"href":"https:\/\/autocuesystems.com\/de\/wp-json\/wp\/v2\/product"}],"about":[{"href":"https:\/\/autocuesystems.com\/de\/wp-json\/wp\/v2\/types\/product"}],"replies":[{"embeddable":true,"href":"https:\/\/autocuesystems.com\/de\/wp-json\/wp\/v2\/comments?post=1795"}],"version-history":[{"count":69,"href":"https:\/\/autocuesystems.com\/de\/wp-json\/wp\/v2\/product\/1795\/revisions"}],"predecessor-version":[{"id":10027,"href":"https:\/\/autocuesystems.com\/de\/wp-json\/wp\/v2\/product\/1795\/revisions\/10027"}],"wp:featuredmedia":[{"embeddable":true,"href":"https:\/\/autocuesystems.com\/de\/wp-json\/wp\/v2\/media\/4798"}],"wp:attachment":[{"href":"https:\/\/autocuesystems.com\/de\/wp-json\/wp\/v2\/media?parent=1795"}],"wp:term":[{"taxonomy":"product_brand","embeddable":true,"href":"https:\/\/autocuesystems.com\/de\/wp-json\/wp\/v2\/product_brand?post=1795"},{"taxonomy":"product_cat","embeddable":true,"href":"https:\/\/autocuesystems.com\/de\/wp-json\/wp\/v2\/product_cat?post=1795"},{"taxonomy":"product_tag","embeddable":true,"href":"https:\/\/autocuesystems.com\/de\/wp-json\/wp\/v2\/product_tag?post=1795"}],"curies":[{"name":"wp","href":"https:\/\/api.w.org\/{rel}","templated":true}]}}