{"id":1766,"date":"2025-10-14T13:08:39","date_gmt":"2025-10-14T13:08:39","guid":{"rendered":"https:\/\/autocuesystems.com\/product\/apt-gb-smv-series\/"},"modified":"2025-11-07T13:31:12","modified_gmt":"2025-11-07T13:31:12","slug":"apt-gb-tcm-serie","status":"publish","type":"product","link":"https:\/\/autocuesystems.com\/de\/produkt\/apt-gb-tcm-serie\/","title":{"rendered":"APT-GB TCM Serie"},"content":{"rendered":"<p><strong>APT-GB TCM Autocue (Teleprompter) Monitore haben die folgenden professionellen Spezifikationen:<\/strong><\/p>\n<p>Bildschirmoptionen in HD 3g SDI von 12\u2033, 24\u2033, 27\u2033, 32\u2033 und 40\u2033<br \/>\nBildschirmoptionen in 4k 12g SDI von 32\u2033 und 40\u2033<br \/>\n1x BNC | SDI-Eingang<br \/>\n1x SDI Loop (BNC) mit integrierter HDMI-zu-SDI-Konvertierung<br \/>\n2x PowerCON True1 (Ein- und Ausgang)<br \/>\nStromversorgung 100 V &#8211; 260 V Wechselstrom | 50 &#8211; 60Hz 1A<br \/>\nStrom: 1 A Gesamtbetrieb (16 A-Verbindung beim PowerCon True Top)<br \/>\nAlle Anschl\u00fcsse entsprechen allen g\u00e4ngigen Neutrik-Industriestandards<br \/>\nGeoTag On-Board Global Tracking mit einer Akkulaufzeit von bis zu 43 Tagen und inkl. 2 Jahre umfassender globaler Service<\/p>\n<p>Laden Sie <a href=\"https:\/\/autocuesystems.com\/wp-content\/uploads\/2025\/11\/TCM-2422-spec-sheet-.pdf\">hier<\/a> alle APT-GB TCM24-Spezifikationen herunter<\/p>\n","protected":false},"excerpt":{"rendered":"<p>\u201eWir freuen uns sehr, den TCM Range Touring Comfort Monitor vorzustellen\u201c, sagte Graham Gosden von APT-GB. \u201eWir haben auf die Bed\u00fcrfnisse unserer Benutzer geh\u00f6rt und eine L\u00f6sung entwickelt, die nicht nur die hohe Qualit\u00e4t und Zuverl\u00e4ssigkeit liefert, die Sie von Teleprompter.Video erwarten, sondern auch eine beispiellose Flexibilit\u00e4t bietet.\u201c<\/p>\n<p>Das robuste Design und die beispiellose Leistung des TCM haben ihn zum Komfortmonitor f\u00fcr Anwendungen gemacht, die von hochkar\u00e4tigen Live-Konzerten bis hin zu kritischen Rundfunk umgebungen reichen. Dies ist ein Beweis f\u00fcr das Engagement von APT-GB f\u00fcr praktische Innovation und Qualit\u00e4t.<\/p>\n<p>Die TCM-Serie verf\u00fcgt \u00fcber integrierte AssetID, die Produkt lebenszyklus technologie von TAZAAR. Diese Technologie erm\u00f6glicht die Standortbestimmung \u00fcber einen integrierten TAZAAR GeoTag und erfasst die Produkthistorie \u00fcber einen Digital Product Passport (DPP). Dadurch kann das Produkt von der Produktion bis zur Reparatur verfolgt werden. Dies erh\u00f6ht die Transparenz und unterst\u00fctzt ein nachhaltiges Produktmanagement. All dies passt gut zu den Nachhaltigkeits initiativen von APT-GB, Produkte herzustellen, die leicht reparierbar und aufr\u00fcstbar sind.<\/p>\n","protected":false},"featured_media":5436,"comment_status":"open","ping_status":"closed","template":"","meta":{"om_disable_all_campaigns":false,"_uf_show_specific_survey":0,"_uf_disable_surveys":false},"product_brand":[],"product_cat":[710],"product_tag":[673,676,677,689,698,699,700,711,701],"class_list":{"0":"post-1766","1":"product","2":"type-product","3":"status-publish","4":"has-post-thumbnail","6":"product_cat-stage-autocue-systems-de-2","7":"product_tag-apt-gb-de","8":"product_tag-autocue-de","9":"product_tag-autocue-stage-monitor-de","10":"product_tag-klotz-sdi-cable-de","11":"product_tag-stage-monitor-de","12":"product_tag-stage-teleprompter-de","13":"product_tag-studio-eleven-autocue-systems-de","14":"product_tag-studio-eleven-productions-de","15":"product_tag-teleprompter-de","17":"first","18":"onbackorder","19":"taxable","20":"shipping-taxable","21":"purchasable","22":"product-type-variable","23":"prodpage-classic"},"aioseo_notices":[],"_links":{"self":[{"href":"https:\/\/autocuesystems.com\/de\/wp-json\/wp\/v2\/product\/1766","targetHints":{"allow":["GET"]}}],"collection":[{"href":"https:\/\/autocuesystems.com\/de\/wp-json\/wp\/v2\/product"}],"about":[{"href":"https:\/\/autocuesystems.com\/de\/wp-json\/wp\/v2\/types\/product"}],"replies":[{"embeddable":true,"href":"https:\/\/autocuesystems.com\/de\/wp-json\/wp\/v2\/comments?post=1766"}],"wp:featuredmedia":[{"embeddable":true,"href":"https:\/\/autocuesystems.com\/de\/wp-json\/wp\/v2\/media\/5436"}],"wp:attachment":[{"href":"https:\/\/autocuesystems.com\/de\/wp-json\/wp\/v2\/media?parent=1766"}],"wp:term":[{"taxonomy":"product_brand","embeddable":true,"href":"https:\/\/autocuesystems.com\/de\/wp-json\/wp\/v2\/product_brand?post=1766"},{"taxonomy":"product_cat","embeddable":true,"href":"https:\/\/autocuesystems.com\/de\/wp-json\/wp\/v2\/product_cat?post=1766"},{"taxonomy":"product_tag","embeddable":true,"href":"https:\/\/autocuesystems.com\/de\/wp-json\/wp\/v2\/product_tag?post=1766"}],"curies":[{"name":"wp","href":"https:\/\/api.w.org\/{rel}","templated":true}]}}